{"id":1207,"date":"2025-01-31T23:11:43","date_gmt":"2025-01-31T22:11:43","guid":{"rendered":"https:\/\/www.carpathianquality.com\/platba\/"},"modified":"2026-04-13T09:04:24","modified_gmt":"2026-04-13T07:04:24","slug":"payment","status":"publish","type":"page","link":"https:\/\/www.carpathianquality.com\/en\/key-information\/payment\/","title":{"rendered":"Payment"},"content":{"rendered":"<!--themify_builder_content-->\n<div id=\"themify_builder_content-1207\" data-postid=\"1207\" class=\"themify_builder_content themify_builder_content-1207 themify_builder tf_clear\">\n                    <div  data-lazy=\"1\" class=\"module_row themify_builder_row tb_jt65269 tb_first tf_w\">\n                        <div class=\"row_inner col_align_top tb_col_count_1 tf_box tf_rel\">\n                        <div  data-lazy=\"1\" class=\"module_column tb-column col-full tb_h1pr269 first\">\n                    <!-- Post Title module -->\n<div  class=\"module module-post-title tb_tldw269 \" data-lazy=\"1\">\n\t<h1 class=\"tbp_title\">\n\tPayment\t<\/h1><\/div>\n<!-- \/Post Title module -->\n<!-- module divider -->\n<div  class=\"module tf_mw module-divider tb_14zr269 solid   \" style=\"border-width: 2px;border-color: #d4b074;margin-top: 30px;\" data-lazy=\"1\">\n    <\/div>\n<!-- \/module divider -->\n        <\/div>\n                        <\/div>\n        <\/div>\n                        <div  data-lazy=\"1\" class=\"module_row themify_builder_row tb_llzf130 tf_w\">\n                        <div class=\"row_inner col_align_top tb_col_count_2 tf_box tf_rel\">\n                        <div  data-lazy=\"1\" class=\"module_column tb-column col4-2 tb_q769131 first\">\n                    <!-- module text -->\n<div  class=\"module module-text tb_soys540   \" data-lazy=\"1\">\n        <div  class=\"tb_text_wrap\">\n        <h2>Registration Fee<\/h2>\n<p>Alcohol distilleries are required to pay a registration fee of \u20ac100 to participate. The fee includes 1 to 4 samples. Each additional sample costs \u20ac20. Pay in cash or via bank transfer upon handover of the samples.<\/p>    <\/div>\n<\/div>\n<!-- \/module text --><!-- module icon -->\n<div  class=\"module module-icon tb_mx52947    icon_horizontal \" data-lazy=\"1\">\n\t\t\t<div class=\"module-icon-item\">\n\t\t\t\t\t\t\t\t\t\t\t\t\t\t\t\t<em class=\"tf_box\"\n\t\t\t\t\t\t\t\t\t\t\t\t style=\"background-color:#d4b074;color:#192036\"\t\t\t\t\t><svg  class=\"tf_fa tf-fas-euro-sign\" xmlns:xlink=\"http:\/\/www.w3.org\/1999\/xlink\" aria-hidden=\"true\"><use href=\"#tf-fas-euro-sign\" xlink:href=\"#tf-fas-euro-sign\"><\/use><\/svg><\/em>\n\t\t\t\t\t\t\t\t\t\t\t\t\t\t\t\t\t\t\t<span>CULTIVATION DISTILLERIES AND NATURAL PERSONS ARE EXEMPTED FROM REGISTRATION FEE <\/span>\n\t\t\t\t\t\t\t\t\t\t\t\t\t\t\t<\/div>\n\t<\/div>\n<!-- \/module icon -->\n        <\/div>\n                    <div  data-lazy=\"1\" class=\"module_column tb-column col4-2 tb_6yn8423 last\">\n                    <!-- module image -->\n<div  class=\"module module-image tb_46z9549 image-center   tf_mw\" data-lazy=\"1\">\n        <div class=\"image-wrap tf_rel tf_mw\">\n            <img decoding=\"async\" src=\"https:\/\/www.carpathianquality.com\/wp-content\/uploads\/2025\/03\/sutaz-destilatov-CAG-300x339.webp\" width=\"300\" height=\"339\" class=\"wp-post-image wp-image-1194\" title=\"sutaz destilatov CAG\" alt=\"sutaz destilatov CAG\" srcset=\"https:\/\/www.carpathianquality.com\/wp-content\/uploads\/2025\/03\/sutaz-destilatov-CAG-300x339.webp 300w, https:\/\/www.carpathianquality.com\/wp-content\/uploads\/2025\/03\/sutaz-destilatov-CAG-265x300.webp 265w, https:\/\/www.carpathianquality.com\/wp-content\/uploads\/2025\/03\/sutaz-destilatov-CAG-768x870.webp 768w, https:\/\/www.carpathianquality.com\/wp-content\/uploads\/2025\/03\/sutaz-destilatov-CAG-400x453.webp 400w, https:\/\/www.carpathianquality.com\/wp-content\/uploads\/2025\/03\/sutaz-destilatov-CAG.webp 883w\" sizes=\"(max-width: 300px) 100vw, 300px\" \/>    \n        <\/div>\n    <!-- \/image-wrap -->\n    \n        <\/div>\n<!-- \/module image -->        <\/div>\n                        <\/div>\n        <\/div>\n                        <div  data-lazy=\"1\" class=\"module_row themify_builder_row tb_f1kj178 tf_w\">\n                        <div class=\"row_inner col_align_top tb_col_count_2 tf_box tf_rel\">\n                        <div  data-lazy=\"1\" class=\"module_column tb-column col4-2 tb_jhhb178 first\">\n                    <!-- module text -->\n<div  class=\"module module-text tb_ol59521   \" data-lazy=\"1\">\n        <div  class=\"tb_text_wrap\">\n        <h2>Bank data:<\/h2>\n<p>N\u00e1zov: Zdru\u017eenie Spi\u0161<\/p>\n<p>Banka: V\u00daB Banka<\/p>\n<p>IBAN: SK88 0200 0000 0037 2551 3253<\/p>\n<p>BIC k\u00f3d: SUBASKBX<\/p>\n<p>Variable symbol: state company ID of the company \/ organization applying for participation on the competition. <\/p>    <\/div>\n<\/div>\n<!-- \/module text -->        <\/div>\n                    <div  data-lazy=\"1\" class=\"module_column tb-column col4-2 tb_wjye178 last\">\n                    <!-- module text -->\n<div  class=\"module module-text tb_ql1o178   \" data-lazy=\"1\">\n        <div  class=\"tb_text_wrap\">\n        <p>The Organizer shall issue the invoice to the competitor based on the samples registration. Payment associated cost shall be borne by the competitors and they are also responsible for depositing the whole registration fee amount on the Organizer\u00b4s bank account. <br>The Organizer has right to exclude a competitor\u00b4s samples from the competition if the competitor has failed to settle the registration fee within the deadline. <\/p>    <\/div>\n<\/div>\n<!-- \/module text -->        <\/div>\n                        <\/div>\n        <\/div>\n        <\/div>\n<!--\/themify_builder_content-->","protected":false},"excerpt":{"rendered":"<p>Registration Fee Alcohol distilleries are required to pay a registration fee of \u20ac100 to participate. The fee includes 1 to 4 samples. Each additional sample costs \u20ac20. Pay in cash or via bank transfer upon handover of the samples.<\/p>\n","protected":false},"author":1,"featured_media":0,"parent":1222,"menu_order":0,"comment_status":"closed","ping_status":"closed","template":"","meta":{"footnotes":""},"class_list":["post-1207","page","type-page","status-publish","hentry","has-post-title","has-post-date","has-post-category","has-post-tag","has-post-comment","has-post-author",""],"builder_content":"\n<h2>Registration Fee<\/h2> <p>Alcohol distilleries are required to pay a registration fee of \u20ac100 to participate. The fee includes 1 to 4 samples. Each additional sample costs \u20ac20. Pay in cash or via bank transfer upon handover of the samples.<\/p>\n<em style=\"background-color:#d4b074;color:#192036\" ><svg xmlns:xlink=\"http:\/\/www.w3.org\/1999\/xlink\" aria-hidden=\"true\"><use href=\"#tf-fas-euro-sign\" xlink:href=\"#tf-fas-euro-sign\"><\/use><\/svg><\/em> CULTIVATION DISTILLERIES AND NATURAL PERSONS ARE EXEMPTED FROM REGISTRATION FEE\n<img src=\"https:\/\/www.carpathianquality.com\/wp-content\/uploads\/2025\/03\/sutaz-destilatov-CAG-300x339.webp\" width=\"300\" height=\"339\" title=\"sutaz destilatov CAG\" alt=\"sutaz destilatov CAG\" srcset=\"https:\/\/www.carpathianquality.com\/wp-content\/uploads\/2025\/03\/sutaz-destilatov-CAG-300x339.webp 300w, https:\/\/www.carpathianquality.com\/wp-content\/uploads\/2025\/03\/sutaz-destilatov-CAG-265x300.webp 265w, https:\/\/www.carpathianquality.com\/wp-content\/uploads\/2025\/03\/sutaz-destilatov-CAG-768x870.webp 768w, https:\/\/www.carpathianquality.com\/wp-content\/uploads\/2025\/03\/sutaz-destilatov-CAG-400x453.webp 400w, https:\/\/www.carpathianquality.com\/wp-content\/uploads\/2025\/03\/sutaz-destilatov-CAG.webp 883w\" sizes=\"(max-width: 300px) 100vw, 300px\" \/>\n<h2>Bank data:<\/h2> <p>N\u00e1zov: Zdru\u017eenie Spi\u0161<\/p> <p>Banka: V\u00daB Banka<\/p> <p>IBAN: SK88 0200 0000 0037 2551 3253<\/p> <p>BIC k\u00f3d: SUBASKBX<\/p> <p>Variable symbol: state company ID of the company \/ organization applying for participation on the competition. <\/p>\n<p>The Organizer shall issue the invoice to the competitor based on the samples registration. Payment associated cost shall be borne by the competitors and they are also responsible for depositing the whole registration fee amount on the Organizer\u00b4s bank account. <br>The Organizer has right to exclude a competitor\u00b4s samples from the competition if the competitor has failed to settle the registration fee within the deadline. <\/p>","_links":{"self":[{"href":"https:\/\/www.carpathianquality.com\/en\/wp-json\/wp\/v2\/pages\/1207","targetHints":{"allow":["GET"]}}],"collection":[{"href":"https:\/\/www.carpathianquality.com\/en\/wp-json\/wp\/v2\/pages"}],"about":[{"href":"https:\/\/www.carpathianquality.com\/en\/wp-json\/wp\/v2\/types\/page"}],"author":[{"embeddable":true,"href":"https:\/\/www.carpathianquality.com\/en\/wp-json\/wp\/v2\/users\/1"}],"replies":[{"embeddable":true,"href":"https:\/\/www.carpathianquality.com\/en\/wp-json\/wp\/v2\/comments?post=1207"}],"version-history":[{"count":0,"href":"https:\/\/www.carpathianquality.com\/en\/wp-json\/wp\/v2\/pages\/1207\/revisions"}],"up":[{"embeddable":true,"href":"https:\/\/www.carpathianquality.com\/en\/wp-json\/wp\/v2\/pages\/1222"}],"wp:attachment":[{"href":"https:\/\/www.carpathianquality.com\/en\/wp-json\/wp\/v2\/media?parent=1207"}],"curies":[{"name":"wp","href":"https:\/\/api.w.org\/{rel}","templated":true}]}}